{"id":3294,"date":"2023-05-22T11:31:59","date_gmt":"2023-05-22T09:31:59","guid":{"rendered":"https:\/\/mmt-network.de\/?page_id=3294"},"modified":"2025-09-19T18:08:46","modified_gmt":"2025-09-19T16:08:46","slug":"imprint","status":"publish","type":"page","link":"https:\/\/mmt-network.de\/en\/imprint\/","title":{"rendered":"Imprint"},"content":{"rendered":"<p>[et_pb_section fb_built=&#8221;1&#8243; admin_label=&#8221;Content&#8221; _builder_version=&#8221;4.20.2&#8243; _module_preset=&#8221;default&#8221; global_colors_info=&#8221;{}&#8221;][et_pb_row column_structure=&#8221;2_3,1_3&#8243; _builder_version=&#8221;4.21.0&#8243; _module_preset=&#8221;default&#8221; custom_margin=&#8221;45px|auto||auto||&#8221; global_colors_info=&#8221;{}&#8221;][et_pb_column type=&#8221;2_3&#8243; _builder_version=&#8221;4.20.2&#8243; _module_preset=&#8221;default&#8221; global_colors_info=&#8221;{}&#8221;][et_pb_text admin_label=&#8221;Headline&#8221; _builder_version=&#8221;4.21.0&#8243; _module_preset=&#8221;default&#8221; header_2_line_height=&#8221;1.3em&#8221; custom_margin=&#8221;20vh||||false|false&#8221; global_colors_info=&#8221;{}&#8221;]<\/p>\n<h2>Imprint<\/h2>\n<p>[\/et_pb_text][et_pb_text _builder_version=&#8221;4.27.4&#8243; _module_preset=&#8221;default&#8221; hover_enabled=&#8221;0&#8243; global_colors_info=&#8221;{}&#8221; sticky_enabled=&#8221;0&#8243;]<\/p>\n<p>According to \u00a7 5 TMG<\/p>\n<p>MMT Network GmbH<br \/>Helmholtzstra\u00dfe 2 \u2013 9, staircase A, 3rd floor<br \/>10587 Berlin<\/p>\n<p>Telephone: 030 310 172 21<br \/>Email: info@mmt-network.de<\/p>\n<p>Managing Director: Dipl.-Ing. Ralf Bauer-Diefenbach<br \/>Commercial register entry: district court Charlottenburg, 83059B<br \/>VAT ID: DE813339691<\/p>\n<p>Responsible for content according to \u00a7 55 RStV: MMT Network GmbH, Helmholtzstr. 2-9, 10587 Berlin<\/p>\n<p><strong>Online Dispute Resolution<\/strong><br \/>The European Commission provides a platform for online dispute resolution at https:\/\/ec.europa.eu\/consumers\/odr\/, which consumers can use to resolve a dispute and where further information on the subject of dispute resolution can be found.<\/p>\n<p><strong>Out-of-court dispute resolution<\/strong><br \/>We are neither obliged nor willing to participate in a dispute settlement procedure before a consumer arbitration board in the event of a dispute with a consumer.<\/p>\n<p><strong>Note on external links<\/strong><br \/>As this website links to other websites, we would like to point out that we have no influence whatsoever on the design and content of the linked pages and that we do not adopt their content as our own. This applies to all external links provided on this page. For linked pages, illegal content was not recognizable at the time of linking. The links are regularly checked for illegal content and removed immediately in the event of legal violations. This statement applies to all links and references set within our own website as well as to third-party entries in guest books, discussion forums and mailing lists set up by the author. The provider of the page to which reference is made is solely liable for illegal, incorrect or incomplete content and in particular for damage resulting from the use or non-use of such information, not the person who merely refers to the respective publication via links.<\/p>\n<p><strong>Copyrights<\/strong><br \/>The author endeavors to observe the copyrights of the graphics, sound documents, video sequences and texts used in all publications, to use graphics, sound documents, video sequences and texts he has created himself or to use license-free graphics, sound documents, video sequences and texts. All brands and trademarks mentioned within the website and possibly protected by third parties are subject without restriction to the provisions of the applicable trademark law and the property rights of the respective registered owner. The conclusion that trademarks are not protected by the rights of third parties should not be drawn solely on the basis of the mere mention! The copyright for published objects created by the author himself remains solely with the author of the pages. Reproduction or use of such graphics, sound documents, video sequences and texts in other electronic or printed publications is not permitted without the express consent of the author.<\/p>\n<p>[\/et_pb_text][\/et_pb_column][et_pb_column type=&#8221;1_3&#8243; _builder_version=&#8221;4.20.2&#8243; _module_preset=&#8221;default&#8221; global_colors_info=&#8221;{}&#8221;][\/et_pb_column][\/et_pb_row][\/et_pb_section]<\/p>\n","protected":false},"excerpt":{"rendered":"<p>ImprintAccording to \u00a7 5 TMG MMT Network GmbHHelmholtzstra\u00dfe 2 \u2013 9, staircase A, 3rd floor10587 Berlin Telephone: 030 310 172 21Email: info@mmt-network.de Managing Director: Dipl.-Ing. Ralf Bauer-DiefenbachCommercial register entry: district court Charlottenburg, 83059BVAT ID: DE813339691 Responsible for content according to \u00a7 55 RStV: MMT Network GmbH, Helmholtzstr. 2-9, 10587 Berlin Online Dispute ResolutionThe European Commission [&hellip;]<\/p>\n","protected":false},"author":3,"featured_media":0,"parent":0,"menu_order":0,"comment_status":"closed","ping_status":"closed","template":"","meta":{"_acf_changed":false,"_et_pb_use_builder":"on","_et_pb_old_content":"<p>[et_pb_section fb_built=\"1\" admin_label=\"Content\" _builder_version=\"4.20.2\" _module_preset=\"default\" global_colors_info=\"{}\"][et_pb_row column_structure=\"2_3,1_3\" _builder_version=\"4.21.0\" _module_preset=\"default\" custom_margin=\"45px|auto||auto||\" global_colors_info=\"{}\"][et_pb_column type=\"2_3\" _builder_version=\"4.20.2\" _module_preset=\"default\" global_colors_info=\"{}\"][et_pb_text admin_label=\"Headline\" _builder_version=\"4.21.0\" _module_preset=\"default\" header_2_line_height=\"1.3em\" custom_margin=\"20vh||||false|false\" hover_enabled=\"0\" global_colors_info=\"{}\" sticky_enabled=\"0\"]<\/p><h2>Impressum<\/h2><p>[\/et_pb_text][et_pb_text _builder_version=\"4.21.0\" _module_preset=\"default\" global_colors_info=\"{}\"]<\/p><p>Angaben gem\u00e4\u00df \u00a7 5 TMG<\/p><p>MMT Network GmbH<br \/>Helmholtzstra\u00dfe 2 \u2013 9, Aufgang A, 3. OG<br \/>10587 Berlin<\/p><p>Telefon: 030 310 172 21 <br \/>E-Mail: info@mmt-network.de<\/p><p>Gesch\u00e4ftsf\u00fchrer: Dipl.-Ing. Ralf Bauer-Diefenbach; B.Eng. Philipp Schwarz <br \/>Handelsregistereintrag: Amtsgericht Charlottenburg, 83059B<br \/>Umsatzsteuer-ID: DE813339691<\/p><p>Inhaltlich verantwortlich gem\u00e4\u00df \u00a7 55 RStV: MMT Network GmbH, Helmholtzstr. 2-9, 10587 Berlin<\/p><p><strong>Online-Streitbeilegung<\/strong><br \/>Die Europ\u00e4ische Kommission stellt unter https:\/\/ec.europa.eu\/consumers\/odr\/ eine Plattform zur Online-Streitbeilegung bereit, die Verbraucher f\u00fcr die Beilegung einer Streitigkeit nutzen k\u00f6nnen und auf der weitere Informationen zum Thema Streitschlichtung zu finden sind.<\/p><p><strong>Au\u00dfergerichtliche Streitbeilegung<\/strong><br \/>Wir sind weder verpflichtet noch dazu bereit, im Falle einer Streitigkeit mit einem Verbraucher an einem Streitbeilegungsverfahren vor einer Verbraucherschlichtungsstelle teilzunehmen.<\/p><p><strong>Hinweis zu externen Links<\/strong><br \/>Soweit von dieser Website auf andere Websites verlinkt wird, weisen wir darauf hin, dass wir keinerlei Einfluss auf die Gestaltung und die Inhalte der verlinkten Seiten haben und wir uns deren Inhalt nicht zu Eigen machen. Das gilt f\u00fcr alle auf dieser Seite ausgebrachten externen Link. F\u00fcr verlinkte Seiten gilt, dass rechtswidrige Inhalte zum Zeitpunkt der Verlinkung nicht erkennbar waren. Die Links werden regelm\u00e4\u00dfig auf rechtswidrige Inhalte \u00fcberpr\u00fcft und bei Rechtsverletzungen unverz\u00fcglich entfernt. Diese Feststellung gilt f\u00fcr alle innerhalb des eigenen Internetangebotes gesetzten Links und Verweise sowie f\u00fcr Fremdeintr\u00e4ge in vom Autor eingerichteten G\u00e4steb\u00fcchern, Diskussionsforen und Mailinglisten. F\u00fcr illegale, fehlerhafte oder unvollst\u00e4ndige Inhalte und insbesondere f\u00fcr Sch\u00e4den, die aus der Nutzung oder Nichtnutzung solcherart dargebotener Informationen entstehen, haftet allein der Anbieter der Seite, auf welche verwiesen wurde, nicht derjenige, der \u00fcber Links auf die jeweilige Ver\u00f6ffentlichung lediglich verweist.<\/p><p><strong>Urheberrechte<\/strong><br \/>Der Autor ist bestrebt, in allen Publikationen die Urheberrechte der verwendeten Grafiken, Tondokumente, Videosequenzen und Texte zu beachten, von ihm selbst erstellte Grafiken, Tondokumente, Videosequenzen und Texte zu nutzen oder auf lizenzfreie Grafiken, Tondokumente, Videosequenzen und Texte zur\u00fcckzugreifen. Alle innerhalb des Internetangebotes genannten und ggf. durch Dritte gesch\u00fctzten Marken- und Warenzeichen unterliegen uneingeschr\u00e4nkt den Bestimmungen des jeweils g\u00fcltigen Kennzeichenrechts und den Besitzrechten der jeweiligen eingetragenen Eigent\u00fcmer. Allein aufgrund der blo\u00dfen Nennung ist nicht der Schlu\u00df zu ziehen, dass Markenzeichen nicht durch Rechte Dritter gesch\u00fctzt sind! Das Copyright f\u00fcr ver\u00f6ffentlichte, vom Autor selbst erstellte Objekte bleibt allein beim Autor der Seiten. Eine Vervielf\u00e4ltigung oder Verwendung solcher Grafiken, Tondokumente, Videosequenzen und Texte in anderen elektronischen oder gedruckten Publikationen ist ohne ausdr\u00fcckliche Zustimmung des Autors nicht gestattet.<\/p><p>\u00a0<\/p><p>[\/et_pb_text][\/et_pb_column][et_pb_column type=\"1_3\" _builder_version=\"4.20.2\" _module_preset=\"default\" global_colors_info=\"{}\"][\/et_pb_column][\/et_pb_row][\/et_pb_section]<\/p>","_et_gb_content_width":"","footnotes":""},"class_list":["post-3294","page","type-page","status-publish","hentry"],"acf":[],"_links":{"self":[{"href":"https:\/\/mmt-network.de\/en\/wp-json\/wp\/v2\/pages\/3294","targetHints":{"allow":["GET"]}}],"collection":[{"href":"https:\/\/mmt-network.de\/en\/wp-json\/wp\/v2\/pages"}],"about":[{"href":"https:\/\/mmt-network.de\/en\/wp-json\/wp\/v2\/types\/page"}],"author":[{"embeddable":true,"href":"https:\/\/mmt-network.de\/en\/wp-json\/wp\/v2\/users\/3"}],"replies":[{"embeddable":true,"href":"https:\/\/mmt-network.de\/en\/wp-json\/wp\/v2\/comments?post=3294"}],"version-history":[{"count":7,"href":"https:\/\/mmt-network.de\/en\/wp-json\/wp\/v2\/pages\/3294\/revisions"}],"predecessor-version":[{"id":4328,"href":"https:\/\/mmt-network.de\/en\/wp-json\/wp\/v2\/pages\/3294\/revisions\/4328"}],"wp:attachment":[{"href":"https:\/\/mmt-network.de\/en\/wp-json\/wp\/v2\/media?parent=3294"}],"curies":[{"name":"wp","href":"https:\/\/api.w.org\/{rel}","templated":true}]}}